{"id":59,"date":"2020-08-10T13:21:09","date_gmt":"2020-08-10T11:21:09","guid":{"rendered":"http:\/\/www.hbimed.com\/wp-enfold-aug2020\/?page_id=59"},"modified":"2026-04-23T11:35:48","modified_gmt":"2026-04-23T09:35:48","slug":"ueber-uns","status":"publish","type":"page","link":"https:\/\/hbimed.com\/?page_id=59","title":{"rendered":"\u00dcber uns"},"content":{"rendered":"<div id='av_section_1'  class='avia-section av-1m486-c4ba37123efc5011fae03206ec432ee7 main_color avia-section-default avia-no-border-styling  avia-builder-el-0  el_before_av_section  avia-builder-el-first  avia-bg-style-scroll container_wrap sidebar_right'  ><div class='container av-section-cont-open' ><main  role=\"main\" itemprop=\"mainContentOfPage\"  class='template-page content  av-content-small alpha units'><div class='post-entry post-entry-type-page post-entry-59'><div class='entry-content-wrapper clearfix'>\n\n<style type=\"text\/css\" data-created_by=\"avia_inline_auto\" id=\"style-css-av-s82i-5e70d99c8233c51b6166d65407b030cd\">\n.flex_column.av-s82i-5e70d99c8233c51b6166d65407b030cd{\nborder-radius:0px 0px 0px 0px;\npadding:0px 0px 0px 0px;\n}\n<\/style>\n<div  class='flex_column av-s82i-5e70d99c8233c51b6166d65407b030cd av_one_full  avia-builder-el-1  el_before_av_heading  avia-builder-el-first  first flex_column_div av-zero-column-padding  '     ><p>\n<style type=\"text\/css\" data-created_by=\"avia_inline_auto\" id=\"style-css-av-33qhz-ecbb9caed1f8c52373dbb17b26617572\">\n#top .av-special-heading.av-33qhz-ecbb9caed1f8c52373dbb17b26617572{\npadding-bottom:10px;\n}\nbody .av-special-heading.av-33qhz-ecbb9caed1f8c52373dbb17b26617572 .av-special-heading-tag .heading-char{\nfont-size:25px;\n}\n.av-special-heading.av-33qhz-ecbb9caed1f8c52373dbb17b26617572 .av-subheading{\nfont-size:15px;\n}\n<\/style>\n<div  class='av-special-heading av-33qhz-ecbb9caed1f8c52373dbb17b26617572 av-special-heading-h1 blockquote modern-quote  avia-builder-el-2  el_before_av_textblock  avia-builder-el-first '><h1 class='av-special-heading-tag '  itemprop=\"headline\"  >\u00dcber uns<\/h1><div class=\"special-heading-border\"><div class=\"special-heading-inner-border\"><\/div><\/div><\/div><br \/>\n<section  class='av_textblock_section av-kdoek3vo-272befba42fc51414855ade34c25da1f '   itemscope=\"itemscope\" itemtype=\"https:\/\/schema.org\/CreativeWork\" ><div class='avia_textblock'  itemprop=\"text\" ><p>Mentale St\u00f6rungen sind der Mega-Trend, welche Politik, Gesundheitsversorger und Wirtschaft besch\u00e4ftigen und belasten. Weitherum wird nach besseren, g\u00fcnstigeren und objektiveren Diagnoseverfahren verlangt. Die Produkte und Dienstleistungen der HBImed AG objektivieren die Diagnose von mentalen St\u00f6rungen und tragen zur zielorientierten, personalisierten Therapie bei. Die von HBImed geschaffenen Analysewerkzeuge und Referenzdatenbank sind in Umfang und Pr\u00e4zision einzigartig.<\/p>\n<p><strong>HBImed AG wurde 2009 in der Schweiz gegr\u00fcndet, um die Forschungsergebnisse aus 25 Jahren Hirnforschung und klinischer Anwendung mit Biomarkern und eine dazu entwickelte Referenzdatenbank in klinisch anwendbare Produkte umzusetzen:<\/strong><\/p>\n<ul>\n<li>Datenbankbasierte Analysesoftware<\/li>\n<li>Reportservice<\/li>\n<li>Ausbildung<\/li>\n<li>Forschungsprojekte<\/li>\n<\/ul>\n<\/div><\/section><\/p><\/div>\n<style type=\"text\/css\" data-created_by=\"avia_inline_auto\" id=\"style-css-av-2or5b-411e56be8161fcbbcc1bd65a211744e3\">\n#top .av-special-heading.av-2or5b-411e56be8161fcbbcc1bd65a211744e3{\npadding-bottom:10px;\n}\nbody .av-special-heading.av-2or5b-411e56be8161fcbbcc1bd65a211744e3 .av-special-heading-tag .heading-char{\nfont-size:25px;\n}\n.av-special-heading.av-2or5b-411e56be8161fcbbcc1bd65a211744e3 .av-subheading{\nfont-size:15px;\n}\n<\/style>\n<div  class='av-special-heading av-2or5b-411e56be8161fcbbcc1bd65a211744e3 av-special-heading-h2 blockquote modern-quote  avia-builder-el-4  el_after_av_one_full  el_before_av_hr '><h2 class='av-special-heading-tag '  itemprop=\"headline\"  >Management Team<\/h2><div class=\"special-heading-border\"><div class=\"special-heading-inner-border\"><\/div><\/div><\/div>\n\n<style type=\"text\/css\" data-created_by=\"avia_inline_auto\" id=\"style-css-av-kdu4g96d-f689133c6c766d6e82aafd394bffc7ab\">\n#top .hr.hr-invisible.av-kdu4g96d-f689133c6c766d6e82aafd394bffc7ab{\nheight:10px;\n}\n<\/style>\n<div  class='hr av-kdu4g96d-f689133c6c766d6e82aafd394bffc7ab hr-invisible  avia-builder-el-5  el_after_av_heading  el_before_av_one_third '><span class='hr-inner '><span class=\"hr-inner-style\"><\/span><\/span><\/div>\n\n<style type=\"text\/css\" data-created_by=\"avia_inline_auto\" id=\"style-css-av-15qo3-e61271c7b8879840a5ba6cb6aa7e8e5c\">\n.flex_column.av-15qo3-e61271c7b8879840a5ba6cb6aa7e8e5c{\nborder-radius:0px 0px 0px 0px;\npadding:0px 0px 0px 0px;\n}\n<\/style>\n<div  class='flex_column av-15qo3-e61271c7b8879840a5ba6cb6aa7e8e5c av_one_third  avia-builder-el-6  el_after_av_hr  el_before_av_one_third  first flex_column_div av-animated-generic bottom-to-top av-zero-column-padding  '     ><p>\n<style type=\"text\/css\" data-created_by=\"avia_inline_auto\" id=\"style-css-av-kdu47z4f-2379a64792f74e5cea4e45402e1e77b9\">\n.avia-image-container.av-kdu47z4f-2379a64792f74e5cea4e45402e1e77b9 img.avia_image{\nbox-shadow:none;\n}\n.avia-image-container.av-kdu47z4f-2379a64792f74e5cea4e45402e1e77b9 .av-image-caption-overlay-center{\ncolor:#ffffff;\n}\n<\/style>\n<div  class='avia-image-container av-kdu47z4f-2379a64792f74e5cea4e45402e1e77b9 av-styling-no-styling avia-align-  avia-builder-el-7  el_before_av_heading  avia-builder-el-first '   itemprop=\"image\" itemscope=\"itemscope\" itemtype=\"https:\/\/schema.org\/ImageObject\" ><div class=\"avia-image-container-inner\"><div class=\"avia-image-overlay-wrap\"><img decoding=\"async\" fetchpriority=\"high\" class='wp-image-220 avia-img-lazy-loading-not-220 avia_image ' src=\"https:\/\/hbimed.com\/wp-content\/uploads\/2026\/04\/hbimed-team-mueller-300x300.jpg\" alt='' title='hbimed-team-mueller'  height=\"300\" width=\"300\"  itemprop=\"thumbnailUrl\" srcset=\"https:\/\/hbimed.com\/wp-content\/uploads\/2026\/04\/hbimed-team-mueller-300x300.jpg 300w, https:\/\/hbimed.com\/wp-content\/uploads\/2026\/04\/hbimed-team-mueller-80x80.jpg 80w, https:\/\/hbimed.com\/wp-content\/uploads\/2026\/04\/hbimed-team-mueller-36x36.jpg 36w, https:\/\/hbimed.com\/wp-content\/uploads\/2026\/04\/hbimed-team-mueller-180x180.jpg 180w, https:\/\/hbimed.com\/wp-content\/uploads\/2026\/04\/hbimed-team-mueller.jpg 400w\" sizes=\"(max-width: 300px) 100vw, 300px\" \/><\/div><\/div><\/div><br \/>\n\n<style type=\"text\/css\" data-created_by=\"avia_inline_auto\" id=\"style-css-av-245pn-7b046b7a0406fdcdc963f01eb5f1a7cc\">\n#top .av-special-heading.av-245pn-7b046b7a0406fdcdc963f01eb5f1a7cc{\npadding-bottom:10px;\n}\nbody .av-special-heading.av-245pn-7b046b7a0406fdcdc963f01eb5f1a7cc .av-special-heading-tag .heading-char{\nfont-size:25px;\n}\n.av-special-heading.av-245pn-7b046b7a0406fdcdc963f01eb5f1a7cc .av-subheading{\nfont-size:15px;\n}\n<\/style>\n<div  class='av-special-heading av-245pn-7b046b7a0406fdcdc963f01eb5f1a7cc av-special-heading-h3 blockquote modern-quote  avia-builder-el-8  el_after_av_image  el_before_av_textblock '><h3 class='av-special-heading-tag '  itemprop=\"headline\"  >Dr. Andreas M\u00fcller<\/h3><div class='av-subheading av-subheading_below'><p>Vorstandsvorsitzender<\/p>\n<\/div><div class=\"special-heading-border\"><div class=\"special-heading-inner-border\"><\/div><\/div><\/div><br \/>\n<section  class='av_textblock_section av-kdoek3vo-6-b5a1c99509adfd9acfeb056f349a8211 '   itemscope=\"itemscope\" itemtype=\"https:\/\/schema.org\/CreativeWork\" ><div class='avia_textblock'  itemprop=\"text\" ><ul>\n<li>Direktor der Forschungsklinik, Chur, Schweiz<\/li>\n<li>CEO der Gehirn und Trauma Stiftung, Schweiz<\/li>\n<li>Vorstandsvorsitzender HBImed AG<\/li>\n<\/ul>\n<\/div><\/section><\/p><\/div>\n<style type=\"text\/css\" data-created_by=\"avia_inline_auto\" id=\"style-css-av-15qo3-5-0d1e2276d8fa81404d91947cced79076\">\n.flex_column.av-15qo3-5-0d1e2276d8fa81404d91947cced79076{\nborder-radius:0px 0px 0px 0px;\npadding:0px 0px 0px 0px;\n}\n<\/style>\n<div  class='flex_column av-15qo3-5-0d1e2276d8fa81404d91947cced79076 av_one_third  avia-builder-el-10  el_after_av_one_third  el_before_av_one_third  flex_column_div av-animated-generic bottom-to-top av-zero-column-padding  '     ><p>\n<style type=\"text\/css\" data-created_by=\"avia_inline_auto\" id=\"style-css-av-kdu47z4f-4-7fa078052ae25c2f75799df2de8f96b4\">\n.avia-image-container.av-kdu47z4f-4-7fa078052ae25c2f75799df2de8f96b4 img.avia_image{\nbox-shadow:none;\n}\n.avia-image-container.av-kdu47z4f-4-7fa078052ae25c2f75799df2de8f96b4 .av-image-caption-overlay-center{\ncolor:#ffffff;\n}\n<\/style>\n<div  class='avia-image-container av-kdu47z4f-4-7fa078052ae25c2f75799df2de8f96b4 av-styling-no-styling avia-align-  avia-builder-el-11  el_before_av_heading  avia-builder-el-first '   itemprop=\"image\" itemscope=\"itemscope\" itemtype=\"https:\/\/schema.org\/ImageObject\" ><div class=\"avia-image-container-inner\"><div class=\"avia-image-overlay-wrap\"><img decoding=\"async\" fetchpriority=\"high\" class='wp-image-219 avia-img-lazy-loading-not-219 avia_image ' src=\"https:\/\/hbimed.com\/wp-content\/uploads\/2026\/04\/hbimed-team-kropotov-300x300.jpg\" alt='' title='hbimed-team-kropotov'  height=\"300\" width=\"300\"  itemprop=\"thumbnailUrl\" srcset=\"https:\/\/hbimed.com\/wp-content\/uploads\/2026\/04\/hbimed-team-kropotov-300x300.jpg 300w, https:\/\/hbimed.com\/wp-content\/uploads\/2026\/04\/hbimed-team-kropotov-80x80.jpg 80w, https:\/\/hbimed.com\/wp-content\/uploads\/2026\/04\/hbimed-team-kropotov-36x36.jpg 36w, https:\/\/hbimed.com\/wp-content\/uploads\/2026\/04\/hbimed-team-kropotov-180x180.jpg 180w, https:\/\/hbimed.com\/wp-content\/uploads\/2026\/04\/hbimed-team-kropotov.jpg 400w\" sizes=\"(max-width: 300px) 100vw, 300px\" \/><\/div><\/div><\/div><br \/>\n\n<style type=\"text\/css\" data-created_by=\"avia_inline_auto\" id=\"style-css-av-1qiyz-d7c3f825a3699228b86b5ddd6768ba29\">\n#top .av-special-heading.av-1qiyz-d7c3f825a3699228b86b5ddd6768ba29{\npadding-bottom:10px;\n}\nbody .av-special-heading.av-1qiyz-d7c3f825a3699228b86b5ddd6768ba29 .av-special-heading-tag .heading-char{\nfont-size:25px;\n}\n.av-special-heading.av-1qiyz-d7c3f825a3699228b86b5ddd6768ba29 .av-subheading{\nfont-size:15px;\n}\n<\/style>\n<div  class='av-special-heading av-1qiyz-d7c3f825a3699228b86b5ddd6768ba29 av-special-heading-h3 blockquote modern-quote  avia-builder-el-12  el_after_av_image  el_before_av_textblock '><h3 class='av-special-heading-tag '  itemprop=\"headline\"  >Prof. Dr. Juri Kropotov<\/h3><div class='av-subheading av-subheading_below'><p>Gr\u00fcnder<\/p>\n<\/div><div class=\"special-heading-border\"><div class=\"special-heading-inner-border\"><\/div><\/div><\/div><br \/>\n<section  class='av_textblock_section av-kdoek3vo-3-d01977b1bc72298bd5828d5e7465772d '   itemscope=\"itemscope\" itemtype=\"https:\/\/schema.org\/CreativeWork\" ><div class='avia_textblock'  itemprop=\"text\" ><ul>\n<li>Direktor des Labors des Institute of the Human Brain (HBI) der Russischen Akademie der Wissenschaften, St. Petersburg<\/li>\n<li>Professor an der Norwegian University of Science and Technology (NTNU), Trondheim, Norwegen<\/li>\n<li>Leitender Wissenschaftler der HBImed AG<\/li>\n<\/ul>\n<\/div><\/section><\/p><\/div>\n<style type=\"text\/css\" data-created_by=\"avia_inline_auto\" id=\"style-css-av-15qo3-2-f9cfd133e03faa4a46ffa5e1c239bd8b\">\n.flex_column.av-15qo3-2-f9cfd133e03faa4a46ffa5e1c239bd8b{\nborder-radius:0px 0px 0px 0px;\npadding:0px 0px 0px 0px;\n}\n<\/style>\n<div  class='flex_column av-15qo3-2-f9cfd133e03faa4a46ffa5e1c239bd8b av_one_third  avia-builder-el-14  el_after_av_one_third  el_before_av_hr  flex_column_div av-animated-generic bottom-to-top av-zero-column-padding  '     ><p>\n<style type=\"text\/css\" data-created_by=\"avia_inline_auto\" id=\"style-css-av-kdu47z4f-1-5c72d1d56f312c650a393f45fb94e6a4\">\n.avia-image-container.av-kdu47z4f-1-5c72d1d56f312c650a393f45fb94e6a4 img.avia_image{\nbox-shadow:none;\n}\n.avia-image-container.av-kdu47z4f-1-5c72d1d56f312c650a393f45fb94e6a4 .av-image-caption-overlay-center{\ncolor:#ffffff;\n}\n<\/style>\n<div  class='avia-image-container av-kdu47z4f-1-5c72d1d56f312c650a393f45fb94e6a4 av-styling-no-styling avia-align-  avia-builder-el-15  el_before_av_heading  avia-builder-el-first '   itemprop=\"image\" itemscope=\"itemscope\" itemtype=\"https:\/\/schema.org\/ImageObject\" ><div class=\"avia-image-container-inner\"><div class=\"avia-image-overlay-wrap\"><img decoding=\"async\" fetchpriority=\"high\" class='wp-image-221 avia-img-lazy-loading-not-221 avia_image ' src=\"https:\/\/hbimed.com\/wp-content\/uploads\/2026\/04\/hbimed-team-wandernoth-300x300.jpg\" alt='' title='hbimed-team-wandernoth'  height=\"300\" width=\"300\"  itemprop=\"thumbnailUrl\" srcset=\"https:\/\/hbimed.com\/wp-content\/uploads\/2026\/04\/hbimed-team-wandernoth-300x300.jpg 300w, https:\/\/hbimed.com\/wp-content\/uploads\/2026\/04\/hbimed-team-wandernoth-80x80.jpg 80w, https:\/\/hbimed.com\/wp-content\/uploads\/2026\/04\/hbimed-team-wandernoth-36x36.jpg 36w, https:\/\/hbimed.com\/wp-content\/uploads\/2026\/04\/hbimed-team-wandernoth-180x180.jpg 180w, https:\/\/hbimed.com\/wp-content\/uploads\/2026\/04\/hbimed-team-wandernoth.jpg 400w\" sizes=\"(max-width: 300px) 100vw, 300px\" \/><\/div><\/div><\/div><br \/>\n\n<style type=\"text\/css\" data-created_by=\"avia_inline_auto\" id=\"style-css-av-161uv-f6704c81aff1654538d69aed4a5206e9\">\n#top .av-special-heading.av-161uv-f6704c81aff1654538d69aed4a5206e9{\npadding-bottom:10px;\n}\nbody .av-special-heading.av-161uv-f6704c81aff1654538d69aed4a5206e9 .av-special-heading-tag .heading-char{\nfont-size:25px;\n}\n.av-special-heading.av-161uv-f6704c81aff1654538d69aed4a5206e9 .av-subheading{\nfont-size:15px;\n}\n<\/style>\n<div  class='av-special-heading av-161uv-f6704c81aff1654538d69aed4a5206e9 av-special-heading-h3 blockquote modern-quote  avia-builder-el-16  el_after_av_image  avia-builder-el-last '><h3 class='av-special-heading-tag '  itemprop=\"headline\"  >Dr. Bernhard Wandernoth<\/h3><div class='av-subheading av-subheading_below'><p>CEO<\/p>\n<\/div><div class=\"special-heading-border\"><div class=\"special-heading-inner-border\"><\/div><\/div><\/div><\/p><\/div>\n<style type=\"text\/css\" data-created_by=\"avia_inline_auto\" id=\"style-css-av-kdokoa3j-848934fc5c7d3f33808ef9564166440c\">\n#top .hr.hr-invisible.av-kdokoa3j-848934fc5c7d3f33808ef9564166440c{\nheight:40px;\n}\n<\/style>\n<div  class='hr av-kdokoa3j-848934fc5c7d3f33808ef9564166440c hr-invisible  avia-builder-el-17  el_after_av_one_third  el_before_av_one_full '><span class='hr-inner '><span class=\"hr-inner-style\"><\/span><\/span><\/div>\n\n<style type=\"text\/css\" data-created_by=\"avia_inline_auto\" id=\"style-css-av-sahj-00b4011ea923f585959cac6a80183033\">\n.flex_column.av-sahj-00b4011ea923f585959cac6a80183033{\nborder-radius:0px 0px 0px 0px;\npadding:0px 0px 0px 0px;\n}\n<\/style>\n<div  class='flex_column av-sahj-00b4011ea923f585959cac6a80183033 av_one_full  avia-builder-el-18  el_after_av_hr  avia-builder-el-last  first flex_column_div av-zero-column-padding  '     ><style type=\"text\/css\" data-created_by=\"avia_inline_auto\" id=\"style-css-av-kdokkqqf-57b27b6ccefd91e273de6791baa10446\">\n.avia_message_box.av-kdokkqqf-57b27b6ccefd91e273de6791baa10446{\nbackground-color:#354b6a;\ncolor:#ffffff;\n}\n.avia_message_box.av-kdokkqqf-57b27b6ccefd91e273de6791baa10446 .avia_message_box_icon.avia-svg-icon svg:first-child{\nfill:#ffffff;\nstroke:#ffffff;\n}\n<\/style>\n<div id='avia-messagebox-' class='avia_message_box av_notification av-kdokkqqf-57b27b6ccefd91e273de6791baa10446 avia-color-custom avia-size-large avia-icon_select-no avia-border-  avia-builder-el-19  avia-builder-el-no-sibling ' ><div class=\"avia_message_box_content\"><p>HBImed AG ist bislang unabh\u00e4ngig, eigenfinanziert und wird von seinen drei Gr\u00fcndern Prof. Kropotov (Forschung), Dr. A. M\u00fcller (klinische Praxis) und Dr. B. Wandernoth (Signalverarbeitung) gef\u00fchrt.<\/p>\n<\/div><\/div><\/div><\/div><\/div><\/main><!-- close content main element --><\/div><\/div>\n<style type=\"text\/css\" data-created_by=\"avia_inline_auto\" id=\"style-css-av-jpr4h52r-4b130666d202df9433d7f5b98e8adb96\">\n.avia-section.av-jpr4h52r-4b130666d202df9433d7f5b98e8adb96 .av-section-color-overlay{\nopacity:0.5;\nbackground-color:#ffffff;\n}\n<\/style>\n<div id='av_section_2'  class='avia-section av-jpr4h52r-4b130666d202df9433d7f5b98e8adb96 main_color avia-section-huge avia-no-border-styling  avia-builder-el-20  el_after_av_section  avia-builder-el-last  avia-bg-style-parallax av-section-color-overlay-active container_wrap sidebar_right'  ><div class=\"av-section-color-overlay-wrap\"><div class=\"av-section-color-overlay\"><\/div><div class='container av-section-cont-open' ><div class='template-page content  av-content-small alpha units'><div class='post-entry post-entry-type-page post-entry-59'><div class='entry-content-wrapper clearfix'>\n\n<style type=\"text\/css\" data-created_by=\"avia_inline_auto\" id=\"style-css-av-kdoiz7vy-67156c228fd75fd75872bca47e807b3c\">\n.av_font_icon.av-kdoiz7vy-67156c228fd75fd75872bca47e807b3c{\ncolor:#354b6a;\nborder-color:#354b6a;\n}\n.avia-svg-icon.av-kdoiz7vy-67156c228fd75fd75872bca47e807b3c svg:first-child{\nstroke:#354b6a;\nfill:#354b6a;\n}\n.av_font_icon.av-kdoiz7vy-67156c228fd75fd75872bca47e807b3c .av-icon-char{\nfont-size:80px;\nline-height:80px;\n}\n<\/style>\n<span  class='av_font_icon av-kdoiz7vy-67156c228fd75fd75872bca47e807b3c avia_animate_when_visible av-icon-style- avia-icon-pos-center avia-iconfont avia-font-hbimed-icon'><span class='av-icon-char' data-av_icon='' data-av_iconfont='hbimed-icon' aria-hidden=\"true\" ><\/span><\/span>\n<\/div><\/div><\/div><!-- close content main div --><\/div><\/div><\/div><div id='after_section_2'  class='main_color av_default_container_wrap container_wrap sidebar_right'  ><div class='container av-section-cont-open' ><div class='template-page content  av-content-small alpha units'><div class='post-entry post-entry-type-page post-entry-59'><div class='entry-content-wrapper clearfix'><\/p>\n","protected":false},"excerpt":{"rendered":"","protected":false},"author":2,"featured_media":0,"parent":0,"menu_order":300,"comment_status":"closed","ping_status":"closed","template":"","meta":{"footnotes":""},"class_list":["post-59","page","type-page","status-publish","hentry"],"_links":{"self":[{"href":"https:\/\/hbimed.com\/index.php?rest_route=\/wp\/v2\/pages\/59","targetHints":{"allow":["GET"]}}],"collection":[{"href":"https:\/\/hbimed.com\/index.php?rest_route=\/wp\/v2\/pages"}],"about":[{"href":"https:\/\/hbimed.com\/index.php?rest_route=\/wp\/v2\/types\/page"}],"author":[{"embeddable":true,"href":"https:\/\/hbimed.com\/index.php?rest_route=\/wp\/v2\/users\/2"}],"replies":[{"embeddable":true,"href":"https:\/\/hbimed.com\/index.php?rest_route=%2Fwp%2Fv2%2Fcomments&post=59"}],"version-history":[{"count":2,"href":"https:\/\/hbimed.com\/index.php?rest_route=\/wp\/v2\/pages\/59\/revisions"}],"predecessor-version":[{"id":227,"href":"https:\/\/hbimed.com\/index.php?rest_route=\/wp\/v2\/pages\/59\/revisions\/227"}],"wp:attachment":[{"href":"https:\/\/hbimed.com\/index.php?rest_route=%2Fwp%2Fv2%2Fmedia&parent=59"}],"curies":[{"name":"wp","href":"https:\/\/api.w.org\/{rel}","templated":true}]}}