{"id":22,"date":"2020-08-10T12:30:44","date_gmt":"2020-08-10T10:30:44","guid":{"rendered":"http:\/\/www.hbimed.com\/wp-enfold-aug2020\/?page_id=22"},"modified":"2026-04-23T11:34:38","modified_gmt":"2026-04-23T09:34:38","slug":"home","status":"publish","type":"page","link":"https:\/\/hbimed.com\/","title":{"rendered":"Home"},"content":{"rendered":"\n<style type=\"text\/css\" data-created_by=\"avia_inline_auto\" id=\"style-css-av-jpr4h52r-16e96820fb2f16d781569c1f4126051a\">\n.avia-section.av-jpr4h52r-16e96820fb2f16d781569c1f4126051a{\nbackground-repeat:no-repeat;\nbackground-image:url(https:\/\/hbimed.com\/wp-content\/uploads\/2026\/04\/hbimed-header-1600x500-1.jpg);\nbackground-position:50% 50%;\nbackground-attachment:scroll;\n}\n.avia-section.av-jpr4h52r-16e96820fb2f16d781569c1f4126051a .av-section-color-overlay{\nopacity:0.1;\nbackground-color:#000000;\n}\n<\/style>\n<div id='av_section_1'  class='avia-section av-jpr4h52r-16e96820fb2f16d781569c1f4126051a main_color avia-section-huge avia-no-border-styling  avia-builder-el-0  el_before_av_section  avia-builder-el-first  avia-full-stretch avia-bg-style-scroll av-section-color-overlay-active av-minimum-height av-minimum-height-50 av-height-50  container_wrap sidebar_right'  data-section-bg-repeat='stretch' data-av_minimum_height_pc='50' data-av_min_height_opt='50'><div class=\"av-section-color-overlay-wrap\"><div class=\"av-section-color-overlay\"><\/div><div class='container av-section-cont-open' ><main  role=\"main\" itemprop=\"mainContentOfPage\"  class='template-page content  av-content-small alpha units'><div class='post-entry post-entry-type-page post-entry-22'><div class='entry-content-wrapper clearfix'>\n<\/div><\/div><\/main><!-- close content main element --><\/div><\/div><\/div><div id='av_section_2'  class='avia-section av-1m486-c4ba37123efc5011fae03206ec432ee7 main_color avia-section-default avia-no-border-styling  avia-builder-el-1  el_after_av_section  el_before_av_section  avia-bg-style-scroll container_wrap sidebar_right'  ><div class='container av-section-cont-open' ><div class='template-page content  av-content-small alpha units'><div class='post-entry post-entry-type-page post-entry-22'><div class='entry-content-wrapper clearfix'>\n<div class='flex_column_table av-4yz8-cda7d793fb08ac570694115bf7718b09 sc-av_one_full av-equal-height-column-flextable'>\n<style type=\"text\/css\" data-created_by=\"avia_inline_auto\" id=\"style-css-av-4yz8-cda7d793fb08ac570694115bf7718b09\">\n.flex_column.av-4yz8-cda7d793fb08ac570694115bf7718b09{\nborder-radius:0px 0px 0px 0px;\npadding:0px 0px 0px 0px;\nbackground-color:#ffffff;\n}\n<\/style>\n<div  class='flex_column av-4yz8-cda7d793fb08ac570694115bf7718b09 av_one_full  avia-builder-el-2  el_before_av_one_full  avia-builder-el-first  first flex_column_table_cell av-equal-height-column av-align-top av-zero-column-padding  '     ><p>\n<style type=\"text\/css\" data-created_by=\"avia_inline_auto\" id=\"style-css-av-1ezie-3108cfda5bb381b5f1afced4a0cb4186\">\n#top .av-special-heading.av-1ezie-3108cfda5bb381b5f1afced4a0cb4186{\npadding-bottom:10px;\n}\nbody .av-special-heading.av-1ezie-3108cfda5bb381b5f1afced4a0cb4186 .av-special-heading-tag .heading-char{\nfont-size:25px;\n}\n.av-special-heading.av-1ezie-3108cfda5bb381b5f1afced4a0cb4186 .av-subheading{\nfont-size:15px;\n}\n\n@media only screen and (max-width: 479px){ \n#top #wrap_all .av-special-heading.av-1ezie-3108cfda5bb381b5f1afced4a0cb4186 .av-special-heading-tag{\nfont-size:22px;\n}\n.av-special-heading.av-1ezie-3108cfda5bb381b5f1afced4a0cb4186 .av-subheading{\nfont-size:12px;\n}\n}\n<\/style>\n<div  class='av-special-heading av-1ezie-3108cfda5bb381b5f1afced4a0cb4186 av-special-heading-h1 blockquote modern-quote  avia-builder-el-3  el_before_av_textblock  avia-builder-el-first  av-linked-heading'><h1 class='av-special-heading-tag '  itemprop=\"headline\"  >The Best of Neuroscience<br \/>\n<span style=\"color: #96c11f;\">Helping People<\/span><\/h1><div class=\"special-heading-border\"><div class=\"special-heading-inner-border\"><\/div><\/div><\/div><br \/>\n<section  class='av_textblock_section av-kdoj3oun-6deaf12a5733513a43050fe0a5f3e6e2 '   itemscope=\"itemscope\" itemtype=\"https:\/\/schema.org\/CreativeWork\" ><div class='avia_textblock'  itemprop=\"text\" ><p>Bevor Sie uns per E-Mail, Telefon oder brieflich <a href=\"https:\/\/www.hbimed.com\/wp-enfold-aug2020\/kontakt\/\">kontaktieren<\/a>, oder eines unserer Online Formulare ausf\u00fcllen und senden, lesen Sie bitte erst unsere <a href=\"https:\/\/www.hbimed.com\/wp-enfold-aug2020\/datenschutz\/\">Datenschutzbestimmungen<\/a>. Wenn Sie unsere Webseite benutzen und uns kontaktieren, stimmen Sie diesen zu.<\/p>\n<\/div><\/section><\/p><\/div><\/div><!--close column table wrapper. Autoclose: 1 --><div class='flex_column_table av-s82i-adf1116551db0a2ccbf0402adc8acef7 sc-av_one_full av-equal-height-column-flextable'>\n<style type=\"text\/css\" data-created_by=\"avia_inline_auto\" id=\"style-css-av-s82i-adf1116551db0a2ccbf0402adc8acef7\">\n.flex_column.av-s82i-adf1116551db0a2ccbf0402adc8acef7{\nborder-radius:0px 0px 0px 0px;\npadding:0px 0px 0px 0px;\n}\n<\/style>\n<div  class='flex_column av-s82i-adf1116551db0a2ccbf0402adc8acef7 av_one_full  avia-builder-el-5  el_after_av_one_full  avia-builder-el-last  first flex_column_table_cell av-equal-height-column av-align-top av-zero-column-padding  column-top-margin'     ><p>\n<style type=\"text\/css\" data-created_by=\"avia_inline_auto\" id=\"style-css-av-12j7i-05645d3a5edb3d48cc9f85440d14ce80\">\n#top .av-special-heading.av-12j7i-05645d3a5edb3d48cc9f85440d14ce80{\npadding-bottom:10px;\n}\nbody .av-special-heading.av-12j7i-05645d3a5edb3d48cc9f85440d14ce80 .av-special-heading-tag .heading-char{\nfont-size:25px;\n}\n.av-special-heading.av-12j7i-05645d3a5edb3d48cc9f85440d14ce80 .av-subheading{\nfont-size:15px;\n}\n<\/style>\n<div  class='av-special-heading av-12j7i-05645d3a5edb3d48cc9f85440d14ce80 av-special-heading-h2 blockquote modern-quote  avia-builder-el-6  el_before_av_textblock  avia-builder-el-first '><h2 class='av-special-heading-tag '  itemprop=\"headline\"  >Schweizer Hochpr\u00e4zisionstechnologie im Dienste des Menschen<\/h2><div class=\"special-heading-border\"><div class=\"special-heading-inner-border\"><\/div><\/div><\/div><br \/>\n<section  class='av_textblock_section av-kdoek3vo-272befba42fc51414855ade34c25da1f '   itemscope=\"itemscope\" itemtype=\"https:\/\/schema.org\/CreativeWork\" ><div class='avia_textblock'  itemprop=\"text\" ><blockquote>\n<p>Als Hans Berger das EEG (ElektroEnzephaloGramm) in den 20er Jahren des letzten Jahrhunderts entdeckte, lag die Hypothese nicht fern, dass man diese Gehirnwellen zur Diagnose mentaler St\u00f6rungen einsetzen k\u00f6nnte.<br \/>\nErst mit dem Fortschritt in der Computertechnologie wurde eine verfeinerte Analyse und besonders die Erstellung normativer Datenbanken m\u00f6glich.<\/p>\n<\/blockquote>\n<p>HBImed\u2019s Datenbank enth\u00e4lt nicht nur Spektraldaten, sondern auch Daten von evozierten Potenzialen mit sehr hohen Signal-Rausch-Verh\u00e4ltnissen, welches zu unvergleichlicher statistischer Signifikanz f\u00fchrt.<\/p>\n<\/div><\/section><\/p><\/div><\/div><!--close column table wrapper. Autoclose: 1 -->\n\n<\/div><\/div><\/div><!-- close content main div --><\/div><\/div>\n<style type=\"text\/css\" data-created_by=\"avia_inline_auto\" id=\"style-css-av-jpr4h52r-6-8d1503837b8073667d308c207404c78b\">\n.avia-section.av-jpr4h52r-6-8d1503837b8073667d308c207404c78b{\nbackground-color:#9fc7ea;\nbackground-image:unset;\n}\n.avia-section.av-jpr4h52r-6-8d1503837b8073667d308c207404c78b .av-section-color-overlay{\nopacity:0.7;\nbackground-color:#ffffff;\n}\n<\/style>\n<div id='av_section_3'  class='avia-section av-jpr4h52r-6-8d1503837b8073667d308c207404c78b main_color avia-section-large avia-no-border-styling  avia-builder-el-8  el_after_av_section  el_before_av_section  avia-bg-style-scroll av-section-color-overlay-active container_wrap sidebar_right'  ><div class=\"av-section-color-overlay-wrap\"><div class=\"av-section-color-overlay\"><\/div><div class='container av-section-cont-open' ><div class='template-page content  av-content-small alpha units'><div class='post-entry post-entry-type-page post-entry-22'><div class='entry-content-wrapper clearfix'>\n\n<style type=\"text\/css\" data-created_by=\"avia_inline_auto\" id=\"style-css-av-kdoiz7vy-beca7c8c9728920e5e98057bf8b957df\">\n.av_font_icon.av-kdoiz7vy-beca7c8c9728920e5e98057bf8b957df{\ncolor:#354b6a;\nborder-color:#354b6a;\n}\n.avia-svg-icon.av-kdoiz7vy-beca7c8c9728920e5e98057bf8b957df svg:first-child{\nstroke:#354b6a;\nfill:#354b6a;\n}\n.av_font_icon.av-kdoiz7vy-beca7c8c9728920e5e98057bf8b957df .av-icon-char{\nfont-size:80px;\nline-height:80px;\n}\n<\/style>\n<span  class='av_font_icon av-kdoiz7vy-beca7c8c9728920e5e98057bf8b957df avia_animate_when_visible av-icon-style- avia-icon-pos-center avia-iconfont avia-font-hbimed-icon-logo avia-icon-animate'><span class='av-icon-char' data-av_icon='' data-av_iconfont='hbimed-icon-logo' aria-hidden=\"true\" ><\/span><\/span>\n\n<style type=\"text\/css\" data-created_by=\"avia_inline_auto\" id=\"style-css-av-103pi-7aa62bd73ba1052e974451ed5f647f4b\">\n#top .av-special-heading.av-103pi-7aa62bd73ba1052e974451ed5f647f4b{\npadding-bottom:10px;\n}\nbody .av-special-heading.av-103pi-7aa62bd73ba1052e974451ed5f647f4b .av-special-heading-tag .heading-char{\nfont-size:25px;\n}\n.av-special-heading.av-103pi-7aa62bd73ba1052e974451ed5f647f4b .av-subheading{\nfont-size:15px;\n}\n<\/style>\n<div  class='av-special-heading av-103pi-7aa62bd73ba1052e974451ed5f647f4b av-special-heading-h3 blockquote modern-quote modern-centered  avia-builder-el-10  el_after_av_font_icon  el_before_av_hr '><h3 class='av-special-heading-tag '  itemprop=\"headline\"  >QEEG in Ihrer Praxis! Diagnose war noch nie so einfach <span class='special_amp'>&amp;<\/span> m\u00e4chtig. Werden Sie jetzt QEEG Experte!<\/h3><div class=\"special-heading-border\"><div class=\"special-heading-inner-border\"><\/div><\/div><\/div>\n\n<style type=\"text\/css\" data-created_by=\"avia_inline_auto\" id=\"style-css-av-kdokf1zh-1446c2334ff47f7165854b887c7a4b12\">\n#top .hr.hr-invisible.av-kdokf1zh-1446c2334ff47f7165854b887c7a4b12{\nheight:20px;\n}\n<\/style>\n<div  class='hr av-kdokf1zh-1446c2334ff47f7165854b887c7a4b12 hr-invisible  avia-builder-el-11  el_after_av_heading  el_before_av_button '><span class='hr-inner '><span class=\"hr-inner-style\"><\/span><\/span><\/div>\n<div  class='avia-button-wrap av-kdokeb7b-02427873b9c6f32c3a48c27080e6c503-wrap avia-button-center  avia-builder-el-12  el_after_av_hr  avia-builder-el-last '>\n<style type=\"text\/css\" data-created_by=\"avia_inline_auto\" id=\"style-css-av-kdokeb7b-02427873b9c6f32c3a48c27080e6c503\">\n#top #wrap_all .avia-button.av-kdokeb7b-02427873b9c6f32c3a48c27080e6c503{\nbackground-color:#354b6a;\nborder-color:#354b6a;\ncolor:#ffffff;\ntransition:all 0.4s ease-in-out;\n}\n#top #wrap_all .avia-button.av-kdokeb7b-02427873b9c6f32c3a48c27080e6c503:hover{\nbackground-color:#96c11f;\ncolor:#ffffff;\ntransition:all 0.4s ease-in-out;\n}\n#top #wrap_all .avia-button.av-kdokeb7b-02427873b9c6f32c3a48c27080e6c503 .avia-svg-icon svg:first-child{\nfill:#ffffff;\nstroke:#ffffff;\n}\n#top #wrap_all .avia-button.av-kdokeb7b-02427873b9c6f32c3a48c27080e6c503:hover .avia-svg-icon svg:first-child{\nfill:#ffffff;\nstroke:#ffffff;\n}\n<\/style>\n<a href='https:\/\/hbimed.com\/?page_id=57'  class='avia-button av-kdokeb7b-02427873b9c6f32c3a48c27080e6c503 av-link-btn avia-icon_select-no avia-size-large avia-position-center'   aria-label=\"Jetzt Kurs besuchen\"><span class='avia_iconbox_title' >Jetzt Kurs besuchen<\/span><\/a><\/div>\n\n<\/div><\/div><\/div><!-- close content main div --><\/div><\/div><\/div><div id='av_section_4'  class='avia-section av-1m486-5-7e5f7aa0147425d06f415e08a3104c7d main_color avia-section-default avia-no-border-styling  avia-builder-el-13  el_after_av_section  avia-builder-el-last  avia-bg-style-scroll container_wrap sidebar_right'  ><div class='container av-section-cont-open' ><div class='template-page content  av-content-small alpha units'><div class='post-entry post-entry-type-page post-entry-22'><div class='entry-content-wrapper clearfix'>\n\n<style type=\"text\/css\" data-created_by=\"avia_inline_auto\" id=\"style-css-av-s82i-4-1f292e07fed62716dbd07175eaafba63\">\n.flex_column.av-s82i-4-1f292e07fed62716dbd07175eaafba63{\nborder-radius:0px 0px 0px 0px;\npadding:0px 0px 0px 0px;\n}\n<\/style>\n<div  class='flex_column av-s82i-4-1f292e07fed62716dbd07175eaafba63 av_one_half  avia-builder-el-14  el_before_av_one_half  avia-builder-el-first  first flex_column_div av-zero-column-padding  '     ><p>\n<style type=\"text\/css\" data-created_by=\"avia_inline_auto\" id=\"style-css-av-4s32-6b813794d0384c7f804a5080d65719f7\">\n#top .av-special-heading.av-4s32-6b813794d0384c7f804a5080d65719f7{\npadding-bottom:10px;\n}\nbody .av-special-heading.av-4s32-6b813794d0384c7f804a5080d65719f7 .av-special-heading-tag .heading-char{\nfont-size:25px;\n}\n.av-special-heading.av-4s32-6b813794d0384c7f804a5080d65719f7 .av-subheading{\nfont-size:15px;\n}\n<\/style>\n<div  class='av-special-heading av-4s32-6b813794d0384c7f804a5080d65719f7 av-special-heading-h3 blockquote modern-quote  avia-builder-el-15  el_before_av_textblock  avia-builder-el-first '><h3 class='av-special-heading-tag '  itemprop=\"headline\"  >Eine neue \u00c4ra der Psychiatrie und Neurologie<\/h3><div class=\"special-heading-border\"><div class=\"special-heading-inner-border\"><\/div><\/div><\/div><br \/>\n<section  class='av_textblock_section av-kdoek3vo-3-d01977b1bc72298bd5828d5e7465772d '   itemscope=\"itemscope\" itemtype=\"https:\/\/schema.org\/CreativeWork\" ><div class='avia_textblock'  itemprop=\"text\" ><p>Die f\u00fcnfte, \u00fcberarbeitete Ausgabe von \u201eThe Diagnostic and Statistical Manual of Mental Disorders\u201c (DSM-V) wird nach ihrer Herausgabe im Jahr 2012 die Hauptreferenz f\u00fcr Psychiater und Neurologen werden. Der prim\u00e4re Schwerpunkt der neuen Revision ist es, Gehirnst\u00f6rungen nach ihren biologischen Markern \u2013 den Endophenotypen \u2013 zu klassifizieren.<\/p>\n<\/div><\/section><\/p><\/div>\n<style type=\"text\/css\" data-created_by=\"avia_inline_auto\" id=\"style-css-av-s82i-2-001e1ad14dbf9e127b907a080ea3670e\">\n.flex_column.av-s82i-2-001e1ad14dbf9e127b907a080ea3670e{\nborder-radius:0px 0px 0px 0px;\npadding:0px 0px 0px 0px;\n}\n<\/style>\n<div  class='flex_column av-s82i-2-001e1ad14dbf9e127b907a080ea3670e av_one_half  avia-builder-el-17  el_after_av_one_half  avia-builder-el-last  flex_column_div av-zero-column-padding  '     ><p>\n<style type=\"text\/css\" data-created_by=\"avia_inline_auto\" id=\"style-css-av-yngy-62ed0487f420d32498805c7e6f43833f\">\n#top .av-special-heading.av-yngy-62ed0487f420d32498805c7e6f43833f{\npadding-bottom:10px;\n}\nbody .av-special-heading.av-yngy-62ed0487f420d32498805c7e6f43833f .av-special-heading-tag .heading-char{\nfont-size:25px;\n}\n.av-special-heading.av-yngy-62ed0487f420d32498805c7e6f43833f .av-subheading{\nfont-size:15px;\n}\n<\/style>\n<div  class='av-special-heading av-yngy-62ed0487f420d32498805c7e6f43833f av-special-heading-h3 blockquote modern-quote  avia-builder-el-18  el_before_av_textblock  avia-builder-el-first '><h3 class='av-special-heading-tag '  itemprop=\"headline\"  >HBi Vorteil<\/h3><div class=\"special-heading-border\"><div class=\"special-heading-inner-border\"><\/div><\/div><\/div><br \/>\n<section  class='av_textblock_section av-kdoek3vo-1-04391619272a0414febe2a143f48bac4 '   itemscope=\"itemscope\" itemtype=\"https:\/\/schema.org\/CreativeWork\" ><div class='avia_textblock'  itemprop=\"text\" ><p>Die HBI Methodik erlaubt die Analyse des arbeitenden Gehirns, indem es den Informationsfluss betrachtet und es mit seiner normativen Datenbank vergleicht. Die HBI Datenbank ist die die fortschrittlichste Datenbank in ihrer Klasse.<\/p>\n<\/div><\/section><\/p><\/div>\n<\/div><\/div><\/div><!-- close content main div --><\/div><\/div><div id='after_section_4'  class='main_color av_default_container_wrap container_wrap sidebar_right'  ><div class='container av-section-cont-open' ><div class='template-page content  av-content-small alpha units'><div class='post-entry post-entry-type-page post-entry-22'><div class='entry-content-wrapper clearfix'>\n","protected":false},"excerpt":{"rendered":"","protected":false},"author":2,"featured_media":0,"parent":0,"menu_order":0,"comment_status":"closed","ping_status":"closed","template":"","meta":{"footnotes":""},"class_list":["post-22","page","type-page","status-publish","hentry"],"_links":{"self":[{"href":"https:\/\/hbimed.com\/index.php?rest_route=\/wp\/v2\/pages\/22","targetHints":{"allow":["GET"]}}],"collection":[{"href":"https:\/\/hbimed.com\/index.php?rest_route=\/wp\/v2\/pages"}],"about":[{"href":"https:\/\/hbimed.com\/index.php?rest_route=\/wp\/v2\/types\/page"}],"author":[{"embeddable":true,"href":"https:\/\/hbimed.com\/index.php?rest_route=\/wp\/v2\/users\/2"}],"replies":[{"embeddable":true,"href":"https:\/\/hbimed.com\/index.php?rest_route=%2Fwp%2Fv2%2Fcomments&post=22"}],"version-history":[{"count":2,"href":"https:\/\/hbimed.com\/index.php?rest_route=\/wp\/v2\/pages\/22\/revisions"}],"predecessor-version":[{"id":228,"href":"https:\/\/hbimed.com\/index.php?rest_route=\/wp\/v2\/pages\/22\/revisions\/228"}],"wp:attachment":[{"href":"https:\/\/hbimed.com\/index.php?rest_route=%2Fwp%2Fv2%2Fmedia&parent=22"}],"curies":[{"name":"wp","href":"https:\/\/api.w.org\/{rel}","templated":true}]}}