{"id":141,"date":"2020-08-14T13:02:53","date_gmt":"2020-08-14T11:02:53","guid":{"rendered":"http:\/\/www.hbimed.com\/wp-enfold-aug2020\/?page_id=141"},"modified":"2020-08-14T13:02:53","modified_gmt":"2020-08-14T11:02:53","slug":"wozu-biomarker","status":"publish","type":"page","link":"https:\/\/hbimed.com\/?page_id=141","title":{"rendered":"Wozu Biomarker"},"content":{"rendered":"<div id='av_section_1'  class='avia-section av-1m486-c4ba37123efc5011fae03206ec432ee7 main_color avia-section-default avia-no-border-styling  avia-builder-el-0  el_before_av_section  avia-builder-el-first  avia-bg-style-scroll container_wrap sidebar_right'  ><div class='container av-section-cont-open' ><main  role=\"main\" itemprop=\"mainContentOfPage\"  class='template-page content  av-content-small alpha units'><div class='post-entry post-entry-type-page post-entry-141'><div class='entry-content-wrapper clearfix'>\n\n<style type=\"text\/css\" data-created_by=\"avia_inline_auto\" id=\"style-css-av-s82i-5e70d99c8233c51b6166d65407b030cd\">\n.flex_column.av-s82i-5e70d99c8233c51b6166d65407b030cd{\nborder-radius:0px 0px 0px 0px;\npadding:0px 0px 0px 0px;\n}\n<\/style>\n<div  class='flex_column av-s82i-5e70d99c8233c51b6166d65407b030cd av_one_full  avia-builder-el-1  avia-builder-el-no-sibling  first flex_column_div av-zero-column-padding  '     ><p>\n<style type=\"text\/css\" data-created_by=\"avia_inline_auto\" id=\"style-css-av-av_heading-8696aa76e2cef520f42dca85f4c138f2\">\n#top .av-special-heading.av-av_heading-8696aa76e2cef520f42dca85f4c138f2{\npadding-bottom:10px;\n}\nbody .av-special-heading.av-av_heading-8696aa76e2cef520f42dca85f4c138f2 .av-special-heading-tag .heading-char{\nfont-size:25px;\n}\n.av-special-heading.av-av_heading-8696aa76e2cef520f42dca85f4c138f2 .av-subheading{\nfont-size:15px;\n}\n<\/style>\n<div  class='av-special-heading av-av_heading-8696aa76e2cef520f42dca85f4c138f2 av-special-heading-h1 blockquote modern-quote  avia-builder-el-2  el_before_av_textblock  avia-builder-el-first '><h1 class='av-special-heading-tag '  itemprop=\"headline\"  >Wozu braucht man Biomarker?<\/h1><div class=\"special-heading-border\"><div class=\"special-heading-inner-border\"><\/div><\/div><\/div><br \/>\n<section  class='av_textblock_section av-kdoek3vo-272befba42fc51414855ade34c25da1f '   itemscope=\"itemscope\" itemtype=\"https:\/\/schema.org\/CreativeWork\" ><div class='avia_textblock'  itemprop=\"text\" ><p>Psychologen verlassen sich auf die Psychometrie um Pers\u00f6nlichkeit, Pathologie, Motivation und Lernst\u00f6rungen zu beurteilen. Aber trotz eingebauter L\u00fcgenskalen, Split-Half Designs und einer Vielzahl anderer statistischer Manipulationen bestehen psychometrische Messungen immer noch aus Verhaltens-Daten, die von der Person selbst oder anderen beurteilt und berichtet werden.<\/p>\n<p>Die f\u00fcnfte, \u00fcberarbeitete Ausgabe von \u201e<strong>The Diagnostic and Statistical Manual of Mental Disorders\u201c (DSM-V)<\/strong>\u00a0war am Anfang darauf ausgerichtet, mentale\u00a0 St\u00f6rungen nach\u00a0 biologischen Markern zu klassifizieren. Die verhaltene Reaktion des Praxisfeldes und derzeit noch allzuviele Unklarheiten, veranlasste die Macher den Biomarker-Ansatz f\u00fcr die 6. Revision zu verschieben. Der neue Ansatz geht davon aus, dass psychiatrische Diagnosen nicht allein aus dem beobachtbaren Verhalten gestellt werden, sondern auch aus dem Wissen, welches Hirnsystem beeintr\u00e4chtigt ist. Dass der Biomarker-Ansatz sich durchsetzen wird, ist so gut wie sicher, denn daraus entsteht Objektivit\u00e4t und Nachvollziehbarkeit. HBImed hat bereits, wie tausende anderer Forscher, intensiv auf diesem Feld geforscht und sowohl Parameter des quantitativen Elektroenzephalogramms (<strong>QEEG<\/strong>) und Komponenten der evozierten Potenziale (<strong>Event-Related Potentials \u2013 ERPs<\/strong>) als diskriminationstaugliche Biomarker bei verschiedenen mentalen St\u00f6rungen definieren k\u00f6nnen.<\/p>\n<p>Neuere Forschung zeigt, dass gewisse Dysfunktionen, wie z.B. ADHS, Schizophrenie, Zwangsst\u00f6rungen, Depression, spezifische Lernst\u00f6rungen und andere mit spezifischen Mustern der spontanen und evozierten elektrischen Potenziale, die \u00fcber mehrere Oberfl\u00e4chenelektroden an der Kopfhaut aufgenommen werden, assoziiert sind und dass diese spontanen und besonders die evozierten elektrischen Potenziale zuverl\u00e4ssige Marker der Gehirnfunktion und -Dysfunktion darstellen.<\/p>\n<p>Messwerte der spontanen und evozierten elektrischen Potenziale k\u00f6nnen mit Daten aus einer normativen Datenbank verglichen werden (z.B. die Human Brain Index Reference Database (HBIRD)). Durch Vergleich der Daten mittels parametrischer statistischer Verfahren k\u00f6nnen die Unterschiede der Patienten zu deren entsprechender alters-angepasster Referenzgruppe berechnet werden. Diese Computeranalyse dient dann als wertvolles Hilfsmittel um die Diagnose zu stellen, die Therapie zu planen und damit eine personalisierte Medizin zu erm\u00f6glichen.<\/p>\n<p>F\u00fcr weitere Informationen zu QEEG, mit einem speziellen Fokus auf ADHS, hier zwei kurze Einf\u00fchrungen:<\/p>\n<ul>\n<li>Andreas M\u00fcller:\u00a0<a href=\"https:\/\/hbi-reports.com\/forschung\/\" rel=\"noopener\">ADHD-Biomarker zur Diagnose und Behandlung<\/a><\/li>\n<li>Prof. Juri Kropotov:\u00a0<a title=\"Zum Men\u00fcpunkt Forschung\" href=\"https:\/\/hbi-reports.com\/de\/forschung\/\">New tools for diagnosis and modulation of brain dysfunction.<\/a><\/li>\n<\/ul>\n<p>Haben Sie Fragen zu ERP-basierten Biomarkern oder der HBI Datenbank?\u00a0<a title=\"Zum Men\u00fcpunkt Kontakt\" href=\"https:\/\/hbi-reports.com\/de\/service\/kontakt\/\">Dann kontaktieren Sie uns einfach!<\/a><\/p>\n<\/div><\/section><\/p><\/div><\/div><\/div><\/main><!-- close content main element --><\/div><\/div>\n<style type=\"text\/css\" data-created_by=\"avia_inline_auto\" id=\"style-css-&apos;av-jpr4h52r&apos;-ee4d9a51b9f5f0fe2e7ef1fa03246151\">\n.avia-section.&apos;av-jpr4h52r&apos;-ee4d9a51b9f5f0fe2e7ef1fa03246151{\nbackground-color:&apos;&apos;;\nbackground-image:unset;\n}\n.avia-section.&apos;av-jpr4h52r&apos;-ee4d9a51b9f5f0fe2e7ef1fa03246151 .av-section-color-overlay{\nopacity:&apos;0.5&apos;;\nbackground-color:&apos;#ffffff&apos;;\nbackground-image:url(&apos;&apos;);\nbackground-repeat:repeat;\n}\n<\/style>\n<div id='av_section_2' aria-label='&amp;apos;&amp;apos;' class='avia-section &apos;av-jpr4h52r&apos;-ee4d9a51b9f5f0fe2e7ef1fa03246151 &apos;main_color&apos; avia-section-&apos;huge&apos; avia-&apos;no-border-styling&apos;  avia-builder-el-4  el_after_av_section  avia-builder-el-last  aposapos avia-bg-style-&apos;parallax&apos; av-section-color-overlay-active av-minimum-height av-minimum-height-&apos;&apos; av-height-&apos;&apos;  av-section-with-video-bg container_wrap sidebar_right'   data-section-video-ratio='&apos;16:9&apos;'><div  class='avia-slideshow av_slideshow_obj-1-69ea0775a34de avia-slideshow-featured av_slideshow avia-slide-slider av-slideshow-ui av-control-default av-slideshow-manual av-loop-once av-loop-manual-endless av-default-height-applied  av-section-video-bg avia-slideshow-1' data-slideshow-options=\"{&quot;animation&quot;:&quot;slide&quot;,&quot;autoplay&quot;:false,&quot;loop_autoplay&quot;:&quot;once&quot;,&quot;interval&quot;:5,&quot;loop_manual&quot;:&quot;manual-endless&quot;,&quot;autoplay_stopper&quot;:false,&quot;noNavigation&quot;:false,&quot;bg_slider&quot;:false,&quot;keep_padding&quot;:false,&quot;hoverpause&quot;:false,&quot;show_slide_delay&quot;:0}\"  itemprop=\"image\" itemscope=\"itemscope\" itemtype=\"https:\/\/schema.org\/ImageObject\" ><ul class='avia-slideshow-inner ' style='padding-bottom: 28.666666666667%;'><li  data-controls='disabled' data-mute='aviaTBaviaTBvideo_mute' data-loop='1' data-disable-autoplay=''  data-video-ratio='0' class='avia-slideshow-slide av_slideshow_obj-1-69ea0775a34de__0  av-video-slide  av-video-service-  av-hide-video-controls av-mute-video av-loop-video  av-single-slide slide-1 slide-odd'><div data-rel='slideshow-1' class='avia-slide-wrap '    itemprop=\"video\" itemtype=\"https:\/\/schema.org\/VideoObject\" ><img fetchpriority=\"high\" class=\"avia-img-lazy-loading-not-\"  src='' width='' height='' title='' alt=''  itemprop=\"thumbnailUrl\"   \/><div class=\"av-click-to-play-overlay\"><div class=\"avia_playpause_icon\"><\/div><\/div><\/div><\/li><\/ul><\/div><div class=\"av-section-color-overlay-wrap\"><div class=\"av-section-color-overlay\"><\/div><div class='container av-section-cont-open' ><div class='template-page content  av-content-small alpha units'><div class='post-entry post-entry-type-page post-entry-141'><div class='entry-content-wrapper clearfix'>\n\n<style type=\"text\/css\" data-created_by=\"avia_inline_auto\" id=\"style-css-&apos;av-kdoiz7vy&apos;-f327509d9f9bed6964d4fe2350313348\">\n.av_font_icon.&apos;av-kdoiz7vy&apos;-f327509d9f9bed6964d4fe2350313348{\ncolor:&apos;#354b6a&apos;;\nborder-color:&apos;#354b6a&apos;;\n}\n.avia-svg-icon.&apos;av-kdoiz7vy&apos;-f327509d9f9bed6964d4fe2350313348 svg:first-child{\nstroke:&apos;#354b6a&apos;;\nfill:&apos;#354b6a&apos;;\n}\n.av_font_icon.&apos;av-kdoiz7vy&apos;-f327509d9f9bed6964d4fe2350313348 .av-icon-char{\nfont-size:&apos;80px&apos;;\nline-height:&apos;80px&apos;;\nwidth:&apos;80px&apos;;\n}\n<\/style>\n<span  id=\"aposapos\"  class='av_font_icon &apos;av-kdoiz7vy&apos;-f327509d9f9bed6964d4fe2350313348 avia_animate_when_visible av-icon-style-&apos;&apos; avia-icon-pos-&apos;center&apos; aposapos avia-iconfont avia-font-&apos;hbimed-icon&apos;'><a href='&apos;&apos;'   class='av-icon-char' data-av_icon='' data-av_iconfont='&apos;hbimed-icon&apos;' aria-hidden=\"false\" ><\/a><span class='av_icon_caption av-special-font'>&apos;&apos;<\/span><\/span>\n<\/div><\/div><\/div><!-- close content main div --><\/div><\/div><\/div><div id='after_section_2'  class='main_color av_default_container_wrap container_wrap sidebar_right'  ><div class='container av-section-cont-open' ><div class='template-page content  av-content-small alpha units'><div class='post-entry post-entry-type-page post-entry-141'><div class='entry-content-wrapper clearfix'><\/p>\n","protected":false},"excerpt":{"rendered":"","protected":false},"author":2,"featured_media":0,"parent":0,"menu_order":200,"comment_status":"closed","ping_status":"closed","template":"","meta":{"footnotes":""},"class_list":["post-141","page","type-page","status-publish","hentry"],"_links":{"self":[{"href":"https:\/\/hbimed.com\/index.php?rest_route=\/wp\/v2\/pages\/141","targetHints":{"allow":["GET"]}}],"collection":[{"href":"https:\/\/hbimed.com\/index.php?rest_route=\/wp\/v2\/pages"}],"about":[{"href":"https:\/\/hbimed.com\/index.php?rest_route=\/wp\/v2\/types\/page"}],"author":[{"embeddable":true,"href":"https:\/\/hbimed.com\/index.php?rest_route=\/wp\/v2\/users\/2"}],"replies":[{"embeddable":true,"href":"https:\/\/hbimed.com\/index.php?rest_route=%2Fwp%2Fv2%2Fcomments&post=141"}],"version-history":[{"count":0,"href":"https:\/\/hbimed.com\/index.php?rest_route=\/wp\/v2\/pages\/141\/revisions"}],"wp:attachment":[{"href":"https:\/\/hbimed.com\/index.php?rest_route=%2Fwp%2Fv2%2Fmedia&parent=141"}],"curies":[{"name":"wp","href":"https:\/\/api.w.org\/{rel}","templated":true}]}}